{"id":2,"date":"2020-05-10T15:07:26","date_gmt":"2020-05-10T15:07:26","guid":{"rendered":"https:\/\/dafranco-vonhausen.de\/?page_id=2"},"modified":"2026-01-18T10:03:17","modified_gmt":"2026-01-18T08:03:17","slug":"sample-page","status":"publish","type":"page","link":"https:\/\/dafranco-vonhausen.de\/","title":{"rendered":"Benvenuti in unserer Trattoria da Franco"},"content":{"rendered":"\n<p><\/p>\n\n\n\n<p class=\"has-text-align-center\">Wir freuen uns auf Ihren besuch und m\u00f6chten das Sie einen sch\u00f6nen Abend in unserer Trattoria verbringen k\u00f6nnen.<\/p>\n\n\n\n<p class=\"has-text-align-center\">Bitte beachten Sie das eine Tischvergabe nur mit Reservierung \/ tel. Voranmeldung m\u00f6glich ist. Wenn m\u00f6glich, bitten wir um Reservierung au\u00dferhalb unserer Haupt Servicezeiten <br>(vor 19:00 Uhr oder nach 20:30 Uhr).<\/p>\n\n\n\n<p class=\"has-text-align-center\"><strong>Wir bieten unsere Speisen auch zur Abholung an.<\/strong><\/p>\n\n\n\n<p class=\"has-text-align-center\">Bitte beachten Sie dazu unsere aktuelle <a href=\"https:\/\/dafranco-vonhausen.de\/index.php\/speisekarte\/\">Speisekarte<\/a>, <a href=\"https:\/\/dafranco-vonhausen.de\/index.php\/pizzakarte\/\">Pizzakarte<\/a> sowie <a href=\"https:\/\/dafranco-vonhausen.de\/index.php\/nachspeisen\/\">Nachspeisen<\/a>.<\/p>\n\n\n\n<div style=\"height:85px\" aria-hidden=\"true\" class=\"wp-block-spacer\"><\/div>\n\n\n\n<p class=\"has-text-align-center\">WIR FREUEN UNS AUF IHREN BESUCH!<\/p>\n\n\n\n<p class=\"has-text-align-center\">Familie Carpanzano<\/p>\n\n\n\n<p><\/p>\n","protected":false},"excerpt":{"rendered":"<p>Wir freuen uns auf Ihren besuch und m\u00f6chten das Sie einen sch\u00f6nen Abend in unserer Trattoria verbringen k\u00f6nnen. Bitte beachten Sie das eine Tischvergabe nur mit Reservierung \/ tel. Voranmeldung m\u00f6glich ist. Wenn m\u00f6glich, bitten wir um Reservierung au\u00dferhalb unserer Haupt Servicezeiten (vor 19:00 Uhr oder nach 20:30 Uhr). Wir bieten unsere Speisen auch zur Abholung an. Bitte beachten Sie dazu unsere aktuelle Speisekarte, Pizzakarte sowie Nachspeisen. WIR FREUEN UNS AUF IHREN BESUCH! Familie Carpanzano<\/p>\n","protected":false},"author":1,"featured_media":0,"parent":0,"menu_order":0,"comment_status":"closed","ping_status":"closed","template":"","meta":{"footnotes":""},"class_list":["post-2","page","type-page","status-publish","hentry"],"yoast_head":"<!-- This site is optimized with the Yoast SEO plugin v27.4 - https:\/\/yoast.com\/product\/yoast-seo-wordpress\/ -->\n<title>Benvenuti in unserer Trattoria da Franco - Trattoria da Franco<\/title>\n<meta name=\"robots\" content=\"index, follow, max-snippet:-1, max-image-preview:large, max-video-preview:-1\" \/>\n<link rel=\"canonical\" href=\"https:\/\/dafranco-vonhausen.de\/\" \/>\n<meta property=\"og:locale\" content=\"de_DE\" \/>\n<meta property=\"og:type\" content=\"article\" \/>\n<meta property=\"og:title\" content=\"Benvenuti in unserer Trattoria da Franco - Trattoria da Franco\" \/>\n<meta property=\"og:description\" content=\"Wir freuen uns auf Ihren besuch und m\u00f6chten das Sie einen sch\u00f6nen Abend in unserer Trattoria verbringen k\u00f6nnen. Bitte beachten Sie das eine Tischvergabe nur mit Reservierung \/ tel. Voranmeldung m\u00f6glich ist. Wenn m\u00f6glich, bitten wir um Reservierung au\u00dferhalb unserer Haupt Servicezeiten (vor 19:00 Uhr oder nach 20:30 Uhr). Wir bieten unsere Speisen auch zur Abholung an. Bitte beachten Sie dazu unsere aktuelle Speisekarte, Pizzakarte sowie Nachspeisen. WIR FREUEN UNS AUF IHREN BESUCH! Familie Carpanzano\" \/>\n<meta property=\"og:url\" content=\"https:\/\/dafranco-vonhausen.de\/\" \/>\n<meta property=\"og:site_name\" content=\"Trattoria da Franco\" \/>\n<meta property=\"article:modified_time\" content=\"2026-01-18T08:03:17+00:00\" \/>\n<meta name=\"twitter:card\" content=\"summary_large_image\" \/>\n<meta name=\"twitter:label1\" content=\"Gesch\u00e4tzte Lesezeit\" \/>\n\t<meta name=\"twitter:data1\" content=\"1\u00a0Minute\" \/>\n<script type=\"application\/ld+json\" class=\"yoast-schema-graph\">{\"@context\":\"https:\\\/\\\/schema.org\",\"@graph\":[{\"@type\":\"WebPage\",\"@id\":\"https:\\\/\\\/dafranco-vonhausen.de\\\/\",\"url\":\"https:\\\/\\\/dafranco-vonhausen.de\\\/\",\"name\":\"Benvenuti in unserer Trattoria da Franco - Trattoria da Franco\",\"isPartOf\":{\"@id\":\"https:\\\/\\\/dafranco-vonhausen.de\\\/#website\"},\"datePublished\":\"2020-05-10T15:07:26+00:00\",\"dateModified\":\"2026-01-18T08:03:17+00:00\",\"breadcrumb\":{\"@id\":\"https:\\\/\\\/dafranco-vonhausen.de\\\/#breadcrumb\"},\"inLanguage\":\"de\",\"potentialAction\":[{\"@type\":\"ReadAction\",\"target\":[\"https:\\\/\\\/dafranco-vonhausen.de\\\/\"]}]},{\"@type\":\"BreadcrumbList\",\"@id\":\"https:\\\/\\\/dafranco-vonhausen.de\\\/#breadcrumb\",\"itemListElement\":[{\"@type\":\"ListItem\",\"position\":1,\"name\":\"Home\",\"item\":\"https:\\\/\\\/dafranco-vonhausen.de\\\/\"},{\"@type\":\"ListItem\",\"position\":2,\"name\":\"Benvenuti in unserer Trattoria da Franco\"}]},{\"@type\":\"WebSite\",\"@id\":\"https:\\\/\\\/dafranco-vonhausen.de\\\/#website\",\"url\":\"https:\\\/\\\/dafranco-vonhausen.de\\\/\",\"name\":\"Trattoria da Franco\",\"description\":\"\",\"potentialAction\":[{\"@type\":\"SearchAction\",\"target\":{\"@type\":\"EntryPoint\",\"urlTemplate\":\"https:\\\/\\\/dafranco-vonhausen.de\\\/?s={search_term_string}\"},\"query-input\":{\"@type\":\"PropertyValueSpecification\",\"valueRequired\":true,\"valueName\":\"search_term_string\"}}],\"inLanguage\":\"de\"}]}<\/script>\n<!-- \/ Yoast SEO plugin. -->","yoast_head_json":{"title":"Benvenuti in unserer Trattoria da Franco - Trattoria da Franco","robots":{"index":"index","follow":"follow","max-snippet":"max-snippet:-1","max-image-preview":"max-image-preview:large","max-video-preview":"max-video-preview:-1"},"canonical":"https:\/\/dafranco-vonhausen.de\/","og_locale":"de_DE","og_type":"article","og_title":"Benvenuti in unserer Trattoria da Franco - Trattoria da Franco","og_description":"Wir freuen uns auf Ihren besuch und m\u00f6chten das Sie einen sch\u00f6nen Abend in unserer Trattoria verbringen k\u00f6nnen. Bitte beachten Sie das eine Tischvergabe nur mit Reservierung \/ tel. Voranmeldung m\u00f6glich ist. Wenn m\u00f6glich, bitten wir um Reservierung au\u00dferhalb unserer Haupt Servicezeiten (vor 19:00 Uhr oder nach 20:30 Uhr). Wir bieten unsere Speisen auch zur Abholung an. Bitte beachten Sie dazu unsere aktuelle Speisekarte, Pizzakarte sowie Nachspeisen. WIR FREUEN UNS AUF IHREN BESUCH! Familie Carpanzano","og_url":"https:\/\/dafranco-vonhausen.de\/","og_site_name":"Trattoria da Franco","article_modified_time":"2026-01-18T08:03:17+00:00","twitter_card":"summary_large_image","twitter_misc":{"Gesch\u00e4tzte Lesezeit":"1\u00a0Minute"},"schema":{"@context":"https:\/\/schema.org","@graph":[{"@type":"WebPage","@id":"https:\/\/dafranco-vonhausen.de\/","url":"https:\/\/dafranco-vonhausen.de\/","name":"Benvenuti in unserer Trattoria da Franco - Trattoria da Franco","isPartOf":{"@id":"https:\/\/dafranco-vonhausen.de\/#website"},"datePublished":"2020-05-10T15:07:26+00:00","dateModified":"2026-01-18T08:03:17+00:00","breadcrumb":{"@id":"https:\/\/dafranco-vonhausen.de\/#breadcrumb"},"inLanguage":"de","potentialAction":[{"@type":"ReadAction","target":["https:\/\/dafranco-vonhausen.de\/"]}]},{"@type":"BreadcrumbList","@id":"https:\/\/dafranco-vonhausen.de\/#breadcrumb","itemListElement":[{"@type":"ListItem","position":1,"name":"Home","item":"https:\/\/dafranco-vonhausen.de\/"},{"@type":"ListItem","position":2,"name":"Benvenuti in unserer Trattoria da Franco"}]},{"@type":"WebSite","@id":"https:\/\/dafranco-vonhausen.de\/#website","url":"https:\/\/dafranco-vonhausen.de\/","name":"Trattoria da Franco","description":"","potentialAction":[{"@type":"SearchAction","target":{"@type":"EntryPoint","urlTemplate":"https:\/\/dafranco-vonhausen.de\/?s={search_term_string}"},"query-input":{"@type":"PropertyValueSpecification","valueRequired":true,"valueName":"search_term_string"}}],"inLanguage":"de"}]}},"acf":[],"_links":{"self":[{"href":"https:\/\/dafranco-vonhausen.de\/index.php\/wp-json\/wp\/v2\/pages\/2","targetHints":{"allow":["GET"]}}],"collection":[{"href":"https:\/\/dafranco-vonhausen.de\/index.php\/wp-json\/wp\/v2\/pages"}],"about":[{"href":"https:\/\/dafranco-vonhausen.de\/index.php\/wp-json\/wp\/v2\/types\/page"}],"author":[{"embeddable":true,"href":"https:\/\/dafranco-vonhausen.de\/index.php\/wp-json\/wp\/v2\/users\/1"}],"replies":[{"embeddable":true,"href":"https:\/\/dafranco-vonhausen.de\/index.php\/wp-json\/wp\/v2\/comments?post=2"}],"version-history":[{"count":78,"href":"https:\/\/dafranco-vonhausen.de\/index.php\/wp-json\/wp\/v2\/pages\/2\/revisions"}],"predecessor-version":[{"id":567,"href":"https:\/\/dafranco-vonhausen.de\/index.php\/wp-json\/wp\/v2\/pages\/2\/revisions\/567"}],"wp:attachment":[{"href":"https:\/\/dafranco-vonhausen.de\/index.php\/wp-json\/wp\/v2\/media?parent=2"}],"curies":[{"name":"wp","href":"https:\/\/api.w.org\/{rel}","templated":true}]}}