{"id":54,"date":"2020-10-21T21:07:40","date_gmt":"2020-10-21T19:07:40","guid":{"rendered":"https:\/\/dafranco-vonhausen.de\/?page_id=54"},"modified":"2026-04-29T11:46:42","modified_gmt":"2026-04-29T09:46:42","slug":"pizzakarte","status":"publish","type":"page","link":"https:\/\/dafranco-vonhausen.de\/index.php\/pizzakarte\/","title":{"rendered":"Pizzakarte"},"content":{"rendered":"\n<p><\/p>\n\n\n\n<p><\/p>\n\n\n\n<div style=\"height:10px\" aria-hidden=\"true\" class=\"wp-block-spacer\"><\/div>\n\n\n\n<p class=\"has-text-align-center\"><strong>Alle Pizzen zur Abholung<\/strong>!<\/p>\n\n\n\n<p class=\"has-text-align-center\">Unsere Pizzen (30cm) werden alle aus dem Steinofen mit Tomatenso\u00dfe und Mozzarella serviert. <\/p>\n\n\n\n<p class=\"has-text-align-center\"><strong>Hier geht es zu unseren <a href=\"https:\/\/dafranco-vonhausen.de\/index.php\/nachspeisen\/\">Nachspeisen<\/a>!<\/strong><\/p>\n\n\n\n<div style=\"height:100px\" aria-hidden=\"true\" class=\"wp-block-spacer\"><\/div>\n\n\n\n<p class=\"has-text-align-center\"><strong>Pizza pane<\/strong><\/p>\n\n\n\n<p class=\"has-text-align-center\">Nur mit Oliven\u00f6l, Oregano &amp; Knoblauch<\/p>\n\n\n\n<p class=\"has-text-align-center\">\u20ac 4,50<\/p>\n\n\n\n<hr class=\"wp-block-separator has-css-opacity\"\/>\n\n\n\n<div style=\"height:31px\" aria-hidden=\"true\" class=\"wp-block-spacer\"><\/div>\n\n\n\n<p class=\"has-text-align-center\"><strong>la Mamma<\/strong><\/p>\n\n\n\n<p class=\"has-text-align-center\">frische Tomaten, Mozzarella &amp; Basilikum<\/p>\n\n\n\n<p class=\"has-text-align-center\">\u20ac 11,50<\/p>\n\n\n\n<hr class=\"wp-block-separator has-css-opacity\"\/>\n\n\n\n<div style=\"height:31px\" aria-hidden=\"true\" class=\"wp-block-spacer\"><\/div>\n\n\n\n<p class=\"has-text-align-center\"><strong>&nbsp;Melissa<\/strong><\/p>\n\n\n\n<p class=\"has-text-align-center\">Salami, Kochschinken, Zwiebeln &amp; frische Champignons<\/p>\n\n\n\n<p class=\"has-text-align-center\">\u20ac 11,50<\/p>\n\n\n\n<hr class=\"wp-block-separator has-css-opacity\"\/>\n\n\n\n<div style=\"height:31px\" aria-hidden=\"true\" class=\"wp-block-spacer\"><\/div>\n\n\n\n<p class=\"has-text-align-center\"><strong>&nbsp;da Franco<\/strong><\/p>\n\n\n\n<p class=\"has-text-align-center\">Peperoniwurst &amp; Peperoni mild<\/p>\n\n\n\n<p class=\"has-text-align-center\">\u20ac 11,50<\/p>\n\n\n\n<hr class=\"wp-block-separator has-css-opacity\"\/>\n\n\n\n<div style=\"height:31px\" aria-hidden=\"true\" class=\"wp-block-spacer\"><\/div>\n\n\n\n<p class=\"has-text-align-center\"><strong>&nbsp;le Castella<\/strong><\/p>\n\n\n\n<p class=\"has-text-align-center\">Thunfisch, Zwiebeln &amp; Oliven<\/p>\n\n\n\n<p class=\"has-text-align-center\">\u20ac 11,90<\/p>\n\n\n\n<hr class=\"wp-block-separator has-css-opacity\"\/>\n\n\n\n<div style=\"height:31px\" aria-hidden=\"true\" class=\"wp-block-spacer\"><\/div>\n\n\n\n<p class=\"has-text-align-center\"><strong>&nbsp;da Michelle<\/strong><\/p>\n\n\n\n<p class=\"has-text-align-center\">Peperoniwurst, Oliven, Zwiebeln &amp; Feta<\/p>\n\n\n\n<p class=\"has-text-align-center\">\u20ac 11,90<\/p>\n\n\n\n<hr class=\"wp-block-separator has-css-opacity\"\/>\n\n\n\n<div style=\"height:31px\" aria-hidden=\"true\" class=\"wp-block-spacer\"><\/div>\n\n\n\n<p class=\"has-text-align-center\"><strong>&nbsp;Calabrese (pikant)<\/strong><\/p>\n\n\n\n<p class=\"has-text-align-center\">Salsiccia, Zwiebeln, Oliven, Knoblauch &amp; Peperoni pikant<\/p>\n\n\n\n<p class=\"has-text-align-center\">\u20ac 11,90<\/p>\n\n\n\n<hr class=\"wp-block-separator has-css-opacity\"\/>\n\n\n\n<div style=\"height:31px\" aria-hidden=\"true\" class=\"wp-block-spacer\"><\/div>\n\n\n\n<p class=\"has-text-align-center\"><strong>&nbsp;la torre<\/strong><\/p>\n\n\n\n<p class=\"has-text-align-center\">Mozzarella, Feta, Gorgonzola &amp; Parmesan<\/p>\n\n\n\n<p class=\"has-text-align-center\">\u20ac 11,90<\/p>\n\n\n\n<hr class=\"wp-block-separator has-css-opacity\"\/>\n\n\n\n<div style=\"height:31px\" aria-hidden=\"true\" class=\"wp-block-spacer\"><\/div>\n\n\n\n<p class=\"has-text-align-center\"><strong>&nbsp;la famiglia (pikant)<\/strong><\/p>\n\n\n\n<p class=\"has-text-align-center\">Peperoniwurst, Kapern, Sardellen, Oliven, Knoblauch &amp; Peperoni pikant<\/p>\n\n\n\n<p class=\"has-text-align-center\">\u20ac 12,90<\/p>\n\n\n\n<hr class=\"wp-block-separator has-css-opacity\"\/>\n\n\n\n<div style=\"height:31px\" aria-hidden=\"true\" class=\"wp-block-spacer\"><\/div>\n\n\n\n<p class=\"has-text-align-center\"><strong>&nbsp;frutti di mare<\/strong><\/p>\n\n\n\n<p class=\"has-text-align-center\">Meeresfr\u00fcchte, Knoblauch &amp; frische Petersilie<\/p>\n\n\n\n<p class=\"has-text-align-center\">\u20ac 12,90<\/p>\n\n\n\n<hr class=\"wp-block-separator has-css-opacity\"\/>\n\n\n\n<div style=\"height:31px\" aria-hidden=\"true\" class=\"wp-block-spacer\"><\/div>\n\n\n\n<p class=\"has-text-align-center\"><strong>&nbsp;\u2026that\u2019s amore<\/strong><\/p>\n\n\n\n<p class=\"has-text-align-center\">Parmaschinken, Rucola &amp; Parmesan<\/p>\n\n\n\n<p class=\"has-text-align-center\">\u20ac 12,90<\/p>\n\n\n\n<hr class=\"wp-block-separator has-css-opacity\"\/>\n\n\n\n<div style=\"height:31px\" aria-hidden=\"true\" class=\"wp-block-spacer\"><\/div>\n\n\n\n<p class=\"has-text-align-center\"><strong>&nbsp;<\/strong><strong>vegetaria<\/strong><\/p>\n\n\n\n<p class=\"has-text-align-center\">Frische Paprika, Aubergine, Zucchini, Knoblauch &amp; Feta<\/p>\n\n\n\n<p class=\"has-text-align-center\">\u20ac 12,90<\/p>\n\n\n\n<div style=\"height:100px\" aria-hidden=\"true\" class=\"wp-block-spacer\"><\/div>\n\n\n\n<hr class=\"wp-block-separator has-css-opacity\"\/>\n\n\n\n<p class=\"has-text-align-center\">Sie leiden an <strong>Allergien oder haben Lebensmittelunvertr\u00e4glichkeiten<\/strong> und m\u00f6chten wissen, welche Allergene sich in unseren K\u00f6stlichkeiten befinden? Dann fragen Sie bitte unser Serviceteam nach der gesonderten Allergenkarte und informieren uns rechtzeitig!<\/p>\n\n\n\n<p class=\"has-text-align-center\">Buon appetito\u2026<\/p>\n","protected":false},"excerpt":{"rendered":"<p>Alle Pizzen zur Abholung! Unsere Pizzen (30cm) werden alle aus dem Steinofen mit Tomatenso\u00dfe und Mozzarella serviert. Hier geht es zu unseren Nachspeisen! Pizza pane Nur mit Oliven\u00f6l, Oregano &amp; Knoblauch \u20ac 4,50 la Mamma frische Tomaten, Mozzarella &amp; Basilikum \u20ac 11,50 &nbsp;Melissa Salami, Kochschinken, Zwiebeln &amp; frische Champignons \u20ac 11,50 &nbsp;da Franco Peperoniwurst &amp; Peperoni mild \u20ac 11,50 &nbsp;le Castella Thunfisch, Zwiebeln &amp; Oliven \u20ac 11,90 &nbsp;da Michelle Peperoniwurst, Oliven, Zwiebeln &amp; Feta \u20ac 11,90 &nbsp;Calabrese (pikant) Salsiccia, Zwiebeln, Oliven, Knoblauch &amp; Peperoni pikant \u20ac 11,90 &nbsp;la torre Mozzarella, Feta, Gorgonzola &amp; Parmesan \u20ac 11,90 &nbsp;la famiglia (pikant) Peperoniwurst, Kapern, Sardellen, Oliven, Knoblauch &amp; Peperoni pikant \u20ac 12,90 &nbsp;frutti di mare Meeresfr\u00fcchte, Knoblauch &amp; frische Petersilie \u20ac 12,90 &nbsp;\u2026that\u2019s amore Parmaschinken, Rucola &amp; Parmesan \u20ac 12,90 &nbsp;vegetaria Frische Paprika, Aubergine, Zucchini, Knoblauch &amp; Feta \u20ac 12,90 Sie leiden an Allergien oder haben Lebensmittelunvertr\u00e4glichkeiten und m\u00f6chten wissen, welche Allergene sich in unseren K\u00f6stlichkeiten befinden? Dann fragen Sie bitte unser Serviceteam nach der gesonderten Allergenkarte und informieren uns rechtzeitig! Buon appetito\u2026<\/p>\n","protected":false},"author":1,"featured_media":0,"parent":0,"menu_order":0,"comment_status":"closed","ping_status":"closed","template":"","meta":{"footnotes":""},"class_list":["post-54","page","type-page","status-publish","hentry"],"yoast_head":"<!-- This site is optimized with the Yoast SEO plugin v27.5 - https:\/\/yoast.com\/product\/yoast-seo-wordpress\/ -->\n<title>Pizzakarte - Trattoria da Franco<\/title>\n<meta name=\"robots\" content=\"index, follow, max-snippet:-1, max-image-preview:large, max-video-preview:-1\" \/>\n<link rel=\"canonical\" href=\"https:\/\/dafranco-vonhausen.de\/index.php\/pizzakarte\/\" \/>\n<meta property=\"og:locale\" content=\"de_DE\" \/>\n<meta property=\"og:type\" content=\"article\" \/>\n<meta property=\"og:title\" content=\"Pizzakarte - Trattoria da Franco\" \/>\n<meta property=\"og:description\" content=\"Alle Pizzen zur Abholung! Unsere Pizzen (30cm) werden alle aus dem Steinofen mit Tomatenso\u00dfe und Mozzarella serviert. Hier geht es zu unseren Nachspeisen! Pizza pane Nur mit Oliven\u00f6l, Oregano &amp; Knoblauch \u20ac 4,50 la Mamma frische Tomaten, Mozzarella &amp; Basilikum \u20ac 11,50 &nbsp;Melissa Salami, Kochschinken, Zwiebeln &amp; frische Champignons \u20ac 11,50 &nbsp;da Franco Peperoniwurst &amp; Peperoni mild \u20ac 11,50 &nbsp;le Castella Thunfisch, Zwiebeln &amp; Oliven \u20ac 11,90 &nbsp;da Michelle Peperoniwurst, Oliven, Zwiebeln &amp; Feta \u20ac 11,90 &nbsp;Calabrese (pikant) Salsiccia, Zwiebeln, Oliven, Knoblauch &amp; Peperoni pikant \u20ac 11,90 &nbsp;la torre Mozzarella, Feta, Gorgonzola &amp; Parmesan \u20ac 11,90 &nbsp;la famiglia (pikant) Peperoniwurst, Kapern, Sardellen, Oliven, Knoblauch &amp; Peperoni pikant \u20ac 12,90 &nbsp;frutti di mare Meeresfr\u00fcchte, Knoblauch &amp; frische Petersilie \u20ac 12,90 &nbsp;\u2026that\u2019s amore Parmaschinken, Rucola &amp; Parmesan \u20ac 12,90 &nbsp;vegetaria Frische Paprika, Aubergine, Zucchini, Knoblauch &amp; Feta \u20ac 12,90 Sie leiden an Allergien oder haben Lebensmittelunvertr\u00e4glichkeiten und m\u00f6chten wissen, welche Allergene sich in unseren K\u00f6stlichkeiten befinden? Dann fragen Sie bitte unser Serviceteam nach der gesonderten Allergenkarte und informieren uns rechtzeitig! Buon appetito\u2026\" \/>\n<meta property=\"og:url\" content=\"https:\/\/dafranco-vonhausen.de\/index.php\/pizzakarte\/\" \/>\n<meta property=\"og:site_name\" content=\"Trattoria da Franco\" \/>\n<meta property=\"article:modified_time\" content=\"2026-04-29T09:46:42+00:00\" \/>\n<meta name=\"twitter:card\" content=\"summary_large_image\" \/>\n<meta name=\"twitter:label1\" content=\"Gesch\u00e4tzte Lesezeit\" \/>\n\t<meta name=\"twitter:data1\" content=\"1\u00a0Minute\" \/>\n<script type=\"application\/ld+json\" class=\"yoast-schema-graph\">{\"@context\":\"https:\\\/\\\/schema.org\",\"@graph\":[{\"@type\":\"WebPage\",\"@id\":\"https:\\\/\\\/dafranco-vonhausen.de\\\/index.php\\\/pizzakarte\\\/\",\"url\":\"https:\\\/\\\/dafranco-vonhausen.de\\\/index.php\\\/pizzakarte\\\/\",\"name\":\"Pizzakarte - Trattoria da Franco\",\"isPartOf\":{\"@id\":\"https:\\\/\\\/dafranco-vonhausen.de\\\/#website\"},\"datePublished\":\"2020-10-21T19:07:40+00:00\",\"dateModified\":\"2026-04-29T09:46:42+00:00\",\"breadcrumb\":{\"@id\":\"https:\\\/\\\/dafranco-vonhausen.de\\\/index.php\\\/pizzakarte\\\/#breadcrumb\"},\"inLanguage\":\"de\",\"potentialAction\":[{\"@type\":\"ReadAction\",\"target\":[\"https:\\\/\\\/dafranco-vonhausen.de\\\/index.php\\\/pizzakarte\\\/\"]}]},{\"@type\":\"BreadcrumbList\",\"@id\":\"https:\\\/\\\/dafranco-vonhausen.de\\\/index.php\\\/pizzakarte\\\/#breadcrumb\",\"itemListElement\":[{\"@type\":\"ListItem\",\"position\":1,\"name\":\"Home\",\"item\":\"https:\\\/\\\/dafranco-vonhausen.de\\\/\"},{\"@type\":\"ListItem\",\"position\":2,\"name\":\"Pizzakarte\"}]},{\"@type\":\"WebSite\",\"@id\":\"https:\\\/\\\/dafranco-vonhausen.de\\\/#website\",\"url\":\"https:\\\/\\\/dafranco-vonhausen.de\\\/\",\"name\":\"Trattoria da Franco\",\"description\":\"\",\"potentialAction\":[{\"@type\":\"SearchAction\",\"target\":{\"@type\":\"EntryPoint\",\"urlTemplate\":\"https:\\\/\\\/dafranco-vonhausen.de\\\/?s={search_term_string}\"},\"query-input\":{\"@type\":\"PropertyValueSpecification\",\"valueRequired\":true,\"valueName\":\"search_term_string\"}}],\"inLanguage\":\"de\"}]}<\/script>\n<!-- \/ Yoast SEO plugin. -->","yoast_head_json":{"title":"Pizzakarte - Trattoria da Franco","robots":{"index":"index","follow":"follow","max-snippet":"max-snippet:-1","max-image-preview":"max-image-preview:large","max-video-preview":"max-video-preview:-1"},"canonical":"https:\/\/dafranco-vonhausen.de\/index.php\/pizzakarte\/","og_locale":"de_DE","og_type":"article","og_title":"Pizzakarte - Trattoria da Franco","og_description":"Alle Pizzen zur Abholung! Unsere Pizzen (30cm) werden alle aus dem Steinofen mit Tomatenso\u00dfe und Mozzarella serviert. Hier geht es zu unseren Nachspeisen! Pizza pane Nur mit Oliven\u00f6l, Oregano &amp; Knoblauch \u20ac 4,50 la Mamma frische Tomaten, Mozzarella &amp; Basilikum \u20ac 11,50 &nbsp;Melissa Salami, Kochschinken, Zwiebeln &amp; frische Champignons \u20ac 11,50 &nbsp;da Franco Peperoniwurst &amp; Peperoni mild \u20ac 11,50 &nbsp;le Castella Thunfisch, Zwiebeln &amp; Oliven \u20ac 11,90 &nbsp;da Michelle Peperoniwurst, Oliven, Zwiebeln &amp; Feta \u20ac 11,90 &nbsp;Calabrese (pikant) Salsiccia, Zwiebeln, Oliven, Knoblauch &amp; Peperoni pikant \u20ac 11,90 &nbsp;la torre Mozzarella, Feta, Gorgonzola &amp; Parmesan \u20ac 11,90 &nbsp;la famiglia (pikant) Peperoniwurst, Kapern, Sardellen, Oliven, Knoblauch &amp; Peperoni pikant \u20ac 12,90 &nbsp;frutti di mare Meeresfr\u00fcchte, Knoblauch &amp; frische Petersilie \u20ac 12,90 &nbsp;\u2026that\u2019s amore Parmaschinken, Rucola &amp; Parmesan \u20ac 12,90 &nbsp;vegetaria Frische Paprika, Aubergine, Zucchini, Knoblauch &amp; Feta \u20ac 12,90 Sie leiden an Allergien oder haben Lebensmittelunvertr\u00e4glichkeiten und m\u00f6chten wissen, welche Allergene sich in unseren K\u00f6stlichkeiten befinden? Dann fragen Sie bitte unser Serviceteam nach der gesonderten Allergenkarte und informieren uns rechtzeitig! Buon appetito\u2026","og_url":"https:\/\/dafranco-vonhausen.de\/index.php\/pizzakarte\/","og_site_name":"Trattoria da Franco","article_modified_time":"2026-04-29T09:46:42+00:00","twitter_card":"summary_large_image","twitter_misc":{"Gesch\u00e4tzte Lesezeit":"1\u00a0Minute"},"schema":{"@context":"https:\/\/schema.org","@graph":[{"@type":"WebPage","@id":"https:\/\/dafranco-vonhausen.de\/index.php\/pizzakarte\/","url":"https:\/\/dafranco-vonhausen.de\/index.php\/pizzakarte\/","name":"Pizzakarte - Trattoria da Franco","isPartOf":{"@id":"https:\/\/dafranco-vonhausen.de\/#website"},"datePublished":"2020-10-21T19:07:40+00:00","dateModified":"2026-04-29T09:46:42+00:00","breadcrumb":{"@id":"https:\/\/dafranco-vonhausen.de\/index.php\/pizzakarte\/#breadcrumb"},"inLanguage":"de","potentialAction":[{"@type":"ReadAction","target":["https:\/\/dafranco-vonhausen.de\/index.php\/pizzakarte\/"]}]},{"@type":"BreadcrumbList","@id":"https:\/\/dafranco-vonhausen.de\/index.php\/pizzakarte\/#breadcrumb","itemListElement":[{"@type":"ListItem","position":1,"name":"Home","item":"https:\/\/dafranco-vonhausen.de\/"},{"@type":"ListItem","position":2,"name":"Pizzakarte"}]},{"@type":"WebSite","@id":"https:\/\/dafranco-vonhausen.de\/#website","url":"https:\/\/dafranco-vonhausen.de\/","name":"Trattoria da Franco","description":"","potentialAction":[{"@type":"SearchAction","target":{"@type":"EntryPoint","urlTemplate":"https:\/\/dafranco-vonhausen.de\/?s={search_term_string}"},"query-input":{"@type":"PropertyValueSpecification","valueRequired":true,"valueName":"search_term_string"}}],"inLanguage":"de"}]}},"acf":[],"_links":{"self":[{"href":"https:\/\/dafranco-vonhausen.de\/index.php\/wp-json\/wp\/v2\/pages\/54","targetHints":{"allow":["GET"]}}],"collection":[{"href":"https:\/\/dafranco-vonhausen.de\/index.php\/wp-json\/wp\/v2\/pages"}],"about":[{"href":"https:\/\/dafranco-vonhausen.de\/index.php\/wp-json\/wp\/v2\/types\/page"}],"author":[{"embeddable":true,"href":"https:\/\/dafranco-vonhausen.de\/index.php\/wp-json\/wp\/v2\/users\/1"}],"replies":[{"embeddable":true,"href":"https:\/\/dafranco-vonhausen.de\/index.php\/wp-json\/wp\/v2\/comments?post=54"}],"version-history":[{"count":34,"href":"https:\/\/dafranco-vonhausen.de\/index.php\/wp-json\/wp\/v2\/pages\/54\/revisions"}],"predecessor-version":[{"id":576,"href":"https:\/\/dafranco-vonhausen.de\/index.php\/wp-json\/wp\/v2\/pages\/54\/revisions\/576"}],"wp:attachment":[{"href":"https:\/\/dafranco-vonhausen.de\/index.php\/wp-json\/wp\/v2\/media?parent=54"}],"curies":[{"name":"wp","href":"https:\/\/api.w.org\/{rel}","templated":true}]}}